{"id":10076,"date":"2019-02-14T14:00:25","date_gmt":"2019-02-14T14:00:25","guid":{"rendered":"https:\/\/dkcorp.vn\/du-an\/"},"modified":"2025-11-16T03:02:10","modified_gmt":"2025-11-16T03:02:10","slug":"du-an","status":"publish","type":"page","link":"https:\/\/dkcorp.vn\/en\/project\/","title":{"rendered":"Project"},"content":{"rendered":"\t\t<div data-elementor-type=\"wp-page\" data-elementor-id=\"10076\" class=\"elementor elementor-10076 elementor-4873\">\n\t\t\t\t\t\t<section class=\"elementor-section elementor-top-section elementor-element elementor-element-87b9029 custom-page-duan elementor-section-boxed elementor-section-height-default elementor-section-height-default mkdf-parallax-row-no mkdf-content-aligment-left mkdf-elementor-row-grid-no mkdf-disabled-bg-image-bellow-no mkdf-row-btt-light\" data-id=\"87b9029\" data-element_type=\"section\">\n\t\t\t\t\t\t<div class=\"elementor-container elementor-column-gap-default\">\n\t\t\t\t\t<div class=\"elementor-column elementor-col-100 elementor-top-column elementor-element elementor-element-491df2d\" data-id=\"491df2d\" data-element_type=\"column\">\n\t\t\t<div class=\"elementor-widget-wrap elementor-element-populated\">\n\t\t\t\t\t\t<div class=\"elementor-element elementor-element-6179e35 custom-duan elementor-widget elementor-widget-mkdf_portfolio_list\" data-id=\"6179e35\" data-element_type=\"widget\" data-widget_type=\"mkdf_portfolio_list.default\">\n\t\t\t\t<div class=\"elementor-widget-container\">\n\t\t\t\t\t<div class=\"mkdf-portfolio-list-holder mkdf-grid-list mkdf-disable-bottom-space mkdf-pl-gallery mkdf-three-columns mkdf-normal-space mkdf-pl-standard-shader    mkdf-pl-pag-load-more      mkdf-pl-default-skin\"  data-type=gallery data-skin=default-skin data-number-of-columns=three data-space-between-items=normal data-number-of-items=6 data-image-proportions=square data-enable-image-shadow=no data-category=du-an data-orderby=date data-order=DESC data-item-style=standard-shader data-content-bottom-margin=30px data-enable-title=yes data-title-tag=h4 data-enable-category=yes data-enable-count-images=yes data-enable-excerpt=no data-readmore=no data-pagination-type=load-more data-load-more-top-margin=1 data-filter=no data-enable-article-animation=no data-portfolio-slider-on=no data-enable-loop=yes data-enable-autoplay=yes data-slider-speed=5000 data-slider-speed-animation=600 data-enable-navigation=yes data-enable-pagination=yes data-enable-auto-width=no data-max-num-pages=2 data-next-page=2>\n\t\t<div class=\"mkdf-pl-inner mkdf-outer-space  clearfix\">\n\t\t<article class=\"mkdf-pl-item mkdf-item-space  post-10079 portfolio-item type-portfolio-item status-publish has-post-thumbnail hentry portfolio-category-completed portfolio-category-construction-investment\">\n\t<div class=\"mkdf-pl-item-inner\">\n\t\t<a href=\"https:\/\/dkcorp.vn\/en\/project\/factory-2006-m%C2%B2-duc-hoa-3-industrial-park\/\">\n<div class=\"mkdf-pli-image\">\n\t<img fetchpriority=\"high\" decoding=\"async\" width=\"650\" height=\"650\" src=\"https:\/\/dkcorp.vn\/wp-content\/uploads\/2025\/10\/Nha-xuong-2006-m2-KCN-Duc-Hoa-3-Nam-2025-2-650x650.jpg\" class=\"attachment-wilmer_mikado_image_square size-wilmer_mikado_image_square wp-post-image\" alt=\"\" srcset=\"https:\/\/dkcorp.vn\/wp-content\/uploads\/2025\/10\/Nha-xuong-2006-m2-KCN-Duc-Hoa-3-Nam-2025-2-650x650.jpg 650w, https:\/\/dkcorp.vn\/wp-content\/uploads\/2025\/10\/Nha-xuong-2006-m2-KCN-Duc-Hoa-3-Nam-2025-2-150x150.jpg 150w, https:\/\/dkcorp.vn\/wp-content\/uploads\/2025\/10\/Nha-xuong-2006-m2-KCN-Duc-Hoa-3-Nam-2025-2-1300x1300.jpg 1300w, https:\/\/dkcorp.vn\/wp-content\/uploads\/2025\/10\/Nha-xuong-2006-m2-KCN-Duc-Hoa-3-Nam-2025-2-300x300.jpg 300w, https:\/\/dkcorp.vn\/wp-content\/uploads\/2025\/10\/Nha-xuong-2006-m2-KCN-Duc-Hoa-3-Nam-2025-2-100x100.jpg 100w\" sizes=\"(max-width: 650px) 100vw, 650px\" \/><\/div>\n<\/a>\n<div class=\"mkdf-pli-text-holder\" style=\"margin-bottom: 30px\">\n\t<div class=\"mkdf-pli-text-wrapper\">\n\t\t<div class=\"mkdf-pli-text\">\n\n            \t\t<h6 class=\"mkdf-pli-category-holder\">\n\t\t\t\t\t\t\t<a itemprop=\"url\" class=\"mkdf-pli-category\" href=\"https:\/\/dkcorp.vn\/en\/danh-muc\/project\/civil-construction\/completed\/\">Completed<\/a>\n\t\t\t\t\t\t\t<a itemprop=\"url\" class=\"mkdf-pli-category\" href=\"https:\/\/dkcorp.vn\/en\/danh-muc\/project\/construction-investment\/\">Construction Investment<\/a>\n\t\t\t\t\t<\/h6>\n\t\n\t\t\t    <a href=\"https:\/\/dkcorp.vn\/en\/project\/factory-2006-m%C2%B2-duc-hoa-3-industrial-park\/\">\n\t<h4 itemprop=\"name\" class=\"mkdf-pli-title entry-title\" >\n\t\tFactory 2,006 m\u00b2 \u2013 Duc Hoa 3 Industrial Park\t<\/h4>\n    <\/a>\n\n\t\t\t\n\t\t\t\n            \n\t\t<\/div>\n\t<\/div>\n<\/div>\n\t\t<a itemprop=\"url\" class=\"mkdf-pli-link mkdf-block-drag-link\" href=\"https:\/\/dkcorp.vn\/en\/project\/factory-2006-m%C2%B2-duc-hoa-3-industrial-park\/\" target=\"_self\"><\/a>\n\t<\/div>\n<\/article><article class=\"mkdf-pl-item mkdf-item-space  post-10085 portfolio-item type-portfolio-item status-publish has-post-thumbnail hentry portfolio-category-completed portfolio-category-construction-investment\">\n\t<div class=\"mkdf-pl-item-inner\">\n\t\t<a href=\"https:\/\/dkcorp.vn\/en\/project\/factory-2006-m%C2%B2-duc-hoa-3-industrial-park\/\">\n<div class=\"mkdf-pli-image\">\n\t<img fetchpriority=\"high\" decoding=\"async\" width=\"650\" height=\"650\" src=\"https:\/\/dkcorp.vn\/wp-content\/uploads\/2025\/10\/Nha-xuong-2006-m2-KCN-Duc-Hoa-3-Nam-2025-2-650x650.jpg\" class=\"attachment-wilmer_mikado_image_square size-wilmer_mikado_image_square wp-post-image\" alt=\"\" srcset=\"https:\/\/dkcorp.vn\/wp-content\/uploads\/2025\/10\/Nha-xuong-2006-m2-KCN-Duc-Hoa-3-Nam-2025-2-650x650.jpg 650w, https:\/\/dkcorp.vn\/wp-content\/uploads\/2025\/10\/Nha-xuong-2006-m2-KCN-Duc-Hoa-3-Nam-2025-2-150x150.jpg 150w, https:\/\/dkcorp.vn\/wp-content\/uploads\/2025\/10\/Nha-xuong-2006-m2-KCN-Duc-Hoa-3-Nam-2025-2-1300x1300.jpg 1300w, https:\/\/dkcorp.vn\/wp-content\/uploads\/2025\/10\/Nha-xuong-2006-m2-KCN-Duc-Hoa-3-Nam-2025-2-300x300.jpg 300w, https:\/\/dkcorp.vn\/wp-content\/uploads\/2025\/10\/Nha-xuong-2006-m2-KCN-Duc-Hoa-3-Nam-2025-2-100x100.jpg 100w\" sizes=\"(max-width: 650px) 100vw, 650px\" \/><\/div>\n<\/a>\n<div class=\"mkdf-pli-text-holder\" style=\"margin-bottom: 30px\">\n\t<div class=\"mkdf-pli-text-wrapper\">\n\t\t<div class=\"mkdf-pli-text\">\n\n            \t\t<h6 class=\"mkdf-pli-category-holder\">\n\t\t\t\t\t\t\t<a itemprop=\"url\" class=\"mkdf-pli-category\" href=\"https:\/\/dkcorp.vn\/en\/danh-muc\/project\/civil-construction\/completed\/\">Completed<\/a>\n\t\t\t\t\t\t\t<a itemprop=\"url\" class=\"mkdf-pli-category\" href=\"https:\/\/dkcorp.vn\/en\/danh-muc\/project\/construction-investment\/\">Construction Investment<\/a>\n\t\t\t\t\t<\/h6>\n\t\n\t\t\t    <a href=\"https:\/\/dkcorp.vn\/en\/project\/factory-2006-m%C2%B2-duc-hoa-3-industrial-park\/\">\n\t<h4 itemprop=\"name\" class=\"mkdf-pli-title entry-title\" >\n\t\tFactory 2,006 m\u00b2 \u2013 Duc Hoa 3 Industrial Park\t<\/h4>\n    <\/a>\n\n\t\t\t\n\t\t\t\n            \n\t\t<\/div>\n\t<\/div>\n<\/div>\n\t\t<a itemprop=\"url\" class=\"mkdf-pli-link mkdf-block-drag-link\" href=\"https:\/\/dkcorp.vn\/en\/project\/factory-2006-m%C2%B2-duc-hoa-3-industrial-park\/\" target=\"_self\"><\/a>\n\t<\/div>\n<\/article><article class=\"mkdf-pl-item mkdf-item-space  post-10095 portfolio-item type-portfolio-item status-publish has-post-thumbnail hentry portfolio-category-completed portfolio-category-construction-investment\">\n\t<div class=\"mkdf-pl-item-inner\">\n\t\t<a href=\"https:\/\/dkcorp.vn\/en\/project\/duc-hoa-3-industrial-park-factory-cluster-2023\/\">\n<div class=\"mkdf-pli-image\">\n\t<img decoding=\"async\" width=\"650\" height=\"650\" src=\"https:\/\/dkcorp.vn\/wp-content\/uploads\/2025\/10\/Nha-xuong-3052-m2-KCN-Duc-Hoa-3-Nam-2023-650x650.jpg\" class=\"attachment-wilmer_mikado_image_square size-wilmer_mikado_image_square wp-post-image\" alt=\"\" srcset=\"https:\/\/dkcorp.vn\/wp-content\/uploads\/2025\/10\/Nha-xuong-3052-m2-KCN-Duc-Hoa-3-Nam-2023-650x650.jpg 650w, https:\/\/dkcorp.vn\/wp-content\/uploads\/2025\/10\/Nha-xuong-3052-m2-KCN-Duc-Hoa-3-Nam-2023-150x150.jpg 150w, https:\/\/dkcorp.vn\/wp-content\/uploads\/2025\/10\/Nha-xuong-3052-m2-KCN-Duc-Hoa-3-Nam-2023-300x300.jpg 300w, https:\/\/dkcorp.vn\/wp-content\/uploads\/2025\/10\/Nha-xuong-3052-m2-KCN-Duc-Hoa-3-Nam-2023-100x100.jpg 100w\" sizes=\"(max-width: 650px) 100vw, 650px\" \/><\/div>\n<\/a>\n<div class=\"mkdf-pli-text-holder\" style=\"margin-bottom: 30px\">\n\t<div class=\"mkdf-pli-text-wrapper\">\n\t\t<div class=\"mkdf-pli-text\">\n\n            \t\t<h6 class=\"mkdf-pli-category-holder\">\n\t\t\t\t\t\t\t<a itemprop=\"url\" class=\"mkdf-pli-category\" href=\"https:\/\/dkcorp.vn\/en\/danh-muc\/project\/civil-construction\/completed\/\">Completed<\/a>\n\t\t\t\t\t\t\t<a itemprop=\"url\" class=\"mkdf-pli-category\" href=\"https:\/\/dkcorp.vn\/en\/danh-muc\/project\/construction-investment\/\">Construction Investment<\/a>\n\t\t\t\t\t<\/h6>\n\t\n\t\t\t    <a href=\"https:\/\/dkcorp.vn\/en\/project\/duc-hoa-3-industrial-park-factory-cluster-2023\/\">\n\t<h4 itemprop=\"name\" class=\"mkdf-pli-title entry-title\" >\n\t\tDuc Hoa 3 Industrial Park Factory Cluster (2023)\t<\/h4>\n    <\/a>\n\n\t\t\t\n\t\t\t\n            \n\t\t<\/div>\n\t<\/div>\n<\/div>\n\t\t<a itemprop=\"url\" class=\"mkdf-pli-link mkdf-block-drag-link\" href=\"https:\/\/dkcorp.vn\/en\/project\/duc-hoa-3-industrial-park-factory-cluster-2023\/\" target=\"_self\"><\/a>\n\t<\/div>\n<\/article><article class=\"mkdf-pl-item mkdf-item-space  post-10105 portfolio-item type-portfolio-item status-publish has-post-thumbnail hentry portfolio-category-completed portfolio-category-construction-investment\">\n\t<div class=\"mkdf-pl-item-inner\">\n\t\t<a href=\"https:\/\/dkcorp.vn\/en\/project\/duc-hoa-3-industrial-park-factory-cluster-2022\/\">\n<div class=\"mkdf-pli-image\">\n\t<img decoding=\"async\" width=\"650\" height=\"650\" src=\"https:\/\/dkcorp.vn\/wp-content\/uploads\/2025\/10\/Cum-nha-xuong-KCN-Duc-Hoa-3-Nam-2022-2-650x650.jpg\" class=\"attachment-wilmer_mikado_image_square size-wilmer_mikado_image_square wp-post-image\" alt=\"\" srcset=\"https:\/\/dkcorp.vn\/wp-content\/uploads\/2025\/10\/Cum-nha-xuong-KCN-Duc-Hoa-3-Nam-2022-2-650x650.jpg 650w, https:\/\/dkcorp.vn\/wp-content\/uploads\/2025\/10\/Cum-nha-xuong-KCN-Duc-Hoa-3-Nam-2022-2-150x150.jpg 150w, https:\/\/dkcorp.vn\/wp-content\/uploads\/2025\/10\/Cum-nha-xuong-KCN-Duc-Hoa-3-Nam-2022-2-300x300.jpg 300w, https:\/\/dkcorp.vn\/wp-content\/uploads\/2025\/10\/Cum-nha-xuong-KCN-Duc-Hoa-3-Nam-2022-2-100x100.jpg 100w\" sizes=\"(max-width: 650px) 100vw, 650px\" \/><\/div>\n<\/a>\n<div class=\"mkdf-pli-text-holder\" style=\"margin-bottom: 30px\">\n\t<div class=\"mkdf-pli-text-wrapper\">\n\t\t<div class=\"mkdf-pli-text\">\n\n            \t\t<h6 class=\"mkdf-pli-category-holder\">\n\t\t\t\t\t\t\t<a itemprop=\"url\" class=\"mkdf-pli-category\" href=\"https:\/\/dkcorp.vn\/en\/danh-muc\/project\/construction-investment\/completed\/\">Completed<\/a>\n\t\t\t\t\t\t\t<a itemprop=\"url\" class=\"mkdf-pli-category\" href=\"https:\/\/dkcorp.vn\/en\/danh-muc\/project\/construction-investment\/\">Construction Investment<\/a>\n\t\t\t\t\t<\/h6>\n\t\n\t\t\t    <a href=\"https:\/\/dkcorp.vn\/en\/project\/duc-hoa-3-industrial-park-factory-cluster-2022\/\">\n\t<h4 itemprop=\"name\" class=\"mkdf-pli-title entry-title\" >\n\t\tDuc Hoa 3 Industrial Park Factory Cluster (2022)\t<\/h4>\n    <\/a>\n\n\t\t\t\n\t\t\t\n            \n\t\t<\/div>\n\t<\/div>\n<\/div>\n\t\t<a itemprop=\"url\" class=\"mkdf-pli-link mkdf-block-drag-link\" href=\"https:\/\/dkcorp.vn\/en\/project\/duc-hoa-3-industrial-park-factory-cluster-2022\/\" target=\"_self\"><\/a>\n\t<\/div>\n<\/article><article class=\"mkdf-pl-item mkdf-item-space  post-10112 portfolio-item type-portfolio-item status-publish has-post-thumbnail hentry portfolio-category-completed portfolio-category-industrial-construction\">\n\t<div class=\"mkdf-pl-item-inner\">\n\t\t<a href=\"https:\/\/dkcorp.vn\/en\/project\/contract-package-construction-and-installation-of-viet-nuts-co-ltd-factory-loi-binh-nhon-industrial-park-completed-in-2017\/\">\n<div class=\"mkdf-pli-image\">\n\t<img loading=\"lazy\" decoding=\"async\" width=\"650\" height=\"476\" src=\"https:\/\/dkcorp.vn\/wp-content\/uploads\/2025\/10\/ab1-1-650x476.jpg\" class=\"attachment-wilmer_mikado_image_square size-wilmer_mikado_image_square wp-post-image\" alt=\"\" \/><\/div>\n<\/a>\n<div class=\"mkdf-pli-text-holder\" style=\"margin-bottom: 30px\">\n\t<div class=\"mkdf-pli-text-wrapper\">\n\t\t<div class=\"mkdf-pli-text\">\n\n            \t\t<h6 class=\"mkdf-pli-category-holder\">\n\t\t\t\t\t\t\t<a itemprop=\"url\" class=\"mkdf-pli-category\" href=\"https:\/\/dkcorp.vn\/en\/danh-muc\/project\/industrial-construction\/completed\/\">Completed<\/a>\n\t\t\t\t\t\t\t<a itemprop=\"url\" class=\"mkdf-pli-category\" href=\"https:\/\/dkcorp.vn\/en\/danh-muc\/project\/industrial-construction\/\">Industrial Construction<\/a>\n\t\t\t\t\t<\/h6>\n\t\n\t\t\t    <a href=\"https:\/\/dkcorp.vn\/en\/project\/contract-package-construction-and-installation-of-viet-nuts-co-ltd-factory-loi-binh-nhon-industrial-park-completed-in-2017\/\">\n\t<h4 itemprop=\"name\" class=\"mkdf-pli-title entry-title\" >\n\t\tContract Package: Construction and installation of Viet Nuts Co., Ltd factory \u2013 Loi Binh Nhon Industrial Park \u2013 completed in 2017\t<\/h4>\n    <\/a>\n\n\t\t\t\n\t\t\t\n            \n\t\t<\/div>\n\t<\/div>\n<\/div>\n\t\t<a itemprop=\"url\" class=\"mkdf-pli-link mkdf-block-drag-link\" href=\"https:\/\/dkcorp.vn\/en\/project\/contract-package-construction-and-installation-of-viet-nuts-co-ltd-factory-loi-binh-nhon-industrial-park-completed-in-2017\/\" target=\"_self\"><\/a>\n\t<\/div>\n<\/article><article class=\"mkdf-pl-item mkdf-item-space  post-10119 portfolio-item type-portfolio-item status-publish has-post-thumbnail hentry portfolio-category-completed portfolio-category-industrial-construction\">\n\t<div class=\"mkdf-pl-item-inner\">\n\t\t<a href=\"https:\/\/dkcorp.vn\/en\/project\/vong-canh-floor-executed-in-2023-2024\/\">\n<div class=\"mkdf-pli-image\">\n\t<img loading=\"lazy\" decoding=\"async\" width=\"476\" height=\"476\" src=\"https:\/\/dkcorp.vn\/wp-content\/uploads\/2025\/10\/CC18-1.jpg\" class=\"attachment-wilmer_mikado_image_square size-wilmer_mikado_image_square wp-post-image\" alt=\"\" srcset=\"https:\/\/dkcorp.vn\/wp-content\/uploads\/2025\/10\/CC18-1.jpg 476w, https:\/\/dkcorp.vn\/wp-content\/uploads\/2025\/10\/CC18-1-300x300.jpg 300w, https:\/\/dkcorp.vn\/wp-content\/uploads\/2025\/10\/CC18-1-150x150.jpg 150w, https:\/\/dkcorp.vn\/wp-content\/uploads\/2025\/10\/CC18-1-100x100.jpg 100w\" sizes=\"(max-width: 476px) 100vw, 476px\" \/><\/div>\n<\/a>\n<div class=\"mkdf-pli-text-holder\" style=\"margin-bottom: 30px\">\n\t<div class=\"mkdf-pli-text-wrapper\">\n\t\t<div class=\"mkdf-pli-text\">\n\n            \t\t<h6 class=\"mkdf-pli-category-holder\">\n\t\t\t\t\t\t\t<a itemprop=\"url\" class=\"mkdf-pli-category\" href=\"https:\/\/dkcorp.vn\/en\/danh-muc\/project\/industrial-construction\/completed\/\">Completed<\/a>\n\t\t\t\t\t\t\t<a itemprop=\"url\" class=\"mkdf-pli-category\" href=\"https:\/\/dkcorp.vn\/en\/danh-muc\/project\/industrial-construction\/\">Industrial Construction<\/a>\n\t\t\t\t\t<\/h6>\n\t\n\t\t\t    <a href=\"https:\/\/dkcorp.vn\/en\/project\/vong-canh-floor-executed-in-2023-2024\/\">\n\t<h4 itemprop=\"name\" class=\"mkdf-pli-title entry-title\" >\n\t\tVong Canh Floor \u2013 executed in 2023-2024\t<\/h4>\n    <\/a>\n\n\t\t\t\n\t\t\t\n            \n\t\t<\/div>\n\t<\/div>\n<\/div>\n\t\t<a itemprop=\"url\" class=\"mkdf-pli-link mkdf-block-drag-link\" href=\"https:\/\/dkcorp.vn\/en\/project\/vong-canh-floor-executed-in-2023-2024\/\" target=\"_self\"><\/a>\n\t<\/div>\n<\/article>\t<\/div>\n\t\n\t\t<div class=\"mkdf-pl-loading\">\n\t\t<div class=\"mkdf-pl-loading-bounce1\"><\/div>\n\t\t<div class=\"mkdf-pl-loading-bounce2\"><\/div>\n\t\t<div class=\"mkdf-pl-loading-bounce3\"><\/div>\n\t<\/div>\n\t<div class=\"mkdf-pl-load-more-holder\">\n\t\t<div class=\"mkdf-pl-load-more\" style=\"margin-top: 1px\">\n\t\t\t<a itemprop=\"url\" href=\"\" target=\"_self\"  class=\"mkdf-btn mkdf-btn-large mkdf-btn-solid\"  >    <span class=\"mkdf-btn-text\">Load more<\/span>    <\/a>\t\t<\/div>\n\t<\/div>\n<\/div>\t\t\t\t<\/div>\n\t\t\t\t<\/div>\n\t\t\t\t\t<\/div>\n\t\t<\/div>\n\t\t\t\t\t<\/div>\n\t\t<\/section>\n\t\t\t\t<\/div>\n\t\t","protected":false},"excerpt":{"rendered":"<p>\u0110\u00e3 th\u1ef1c hi\u1ec7n X\u00e2y d\u1ef1ng c\u00f4ng nghi\u1ec7p G\u00f3i th\u1ea7u: thi c\u00f4ng x\u00e2y l\u1eafp nh\u00e0 x\u01b0\u1edfng c\u00f4ng ty TNHH Viet Nuts &#8211; KCN L\u1ee3i B\u00ecnh Nh\u01a1n &#8211; th\u1ef1c hi\u1ec7n n\u0103m 2017 \u0110\u00e3 th\u1ef1c hi\u1ec7n X\u00e2y d\u1ef1ng c\u00f4ng nghi\u1ec7p S\u00e0n V\u1ecdng C\u1ea3nh [&hellip;]<\/p>\n","protected":false},"author":1,"featured_media":0,"parent":0,"menu_order":0,"comment_status":"closed","ping_status":"closed","template":"","meta":{"_acf_changed":false,"footnotes":""},"class_list":["post-10076","page","type-page","status-publish","hentry"],"acf":[],"_links":{"self":[{"href":"https:\/\/dkcorp.vn\/en\/wp-json\/wp\/v2\/pages\/10076","targetHints":{"allow":["GET"]}}],"collection":[{"href":"https:\/\/dkcorp.vn\/en\/wp-json\/wp\/v2\/pages"}],"about":[{"href":"https:\/\/dkcorp.vn\/en\/wp-json\/wp\/v2\/types\/page"}],"author":[{"embeddable":true,"href":"https:\/\/dkcorp.vn\/en\/wp-json\/wp\/v2\/users\/1"}],"replies":[{"embeddable":true,"href":"https:\/\/dkcorp.vn\/en\/wp-json\/wp\/v2\/comments?post=10076"}],"version-history":[{"count":1,"href":"https:\/\/dkcorp.vn\/en\/wp-json\/wp\/v2\/pages\/10076\/revisions"}],"predecessor-version":[{"id":10078,"href":"https:\/\/dkcorp.vn\/en\/wp-json\/wp\/v2\/pages\/10076\/revisions\/10078"}],"wp:attachment":[{"href":"https:\/\/dkcorp.vn\/en\/wp-json\/wp\/v2\/media?parent=10076"}],"curies":[{"name":"wp","href":"https:\/\/api.w.org\/{rel}","templated":true}]}}