{"id":10173,"date":"2018-12-12T12:46:04","date_gmt":"2018-12-12T12:46:04","guid":{"rendered":"https:\/\/dkcorp.vn\/tin-tuc\/"},"modified":"2025-11-16T03:28:05","modified_gmt":"2025-11-16T03:28:05","slug":"tin-tuc","status":"publish","type":"page","link":"https:\/\/dkcorp.vn\/en\/news\/","title":{"rendered":"News"},"content":{"rendered":"\t\t<div data-elementor-type=\"wp-page\" data-elementor-id=\"10173\" class=\"elementor elementor-10173 elementor-848\">\n\t\t\t\t<div class=\"elementor-element elementor-element-c399a8c e-con-full custom-post e-flex e-con e-parent\" data-id=\"c399a8c\" data-element_type=\"container\">\n\t\t\t\t<div class=\"elementor-element elementor-element-fb3fac0 elementor-widget elementor-widget-mkdf_blog_list\" data-id=\"fb3fac0\" data-element_type=\"widget\" data-widget_type=\"mkdf_blog_list.default\">\n\t\t\t\t<div class=\"elementor-widget-container\">\n\t\t\t\t\t<div class=\"mkdf-blog-list-holder mkdf-grid-list mkdf-disable-bottom-space mkdf-bl-standard mkdf-three-columns mkdf-normal-space mkdf-bl-pag-no-pagination mkdf-bl-skin-default\"  data-type=standard data-skin=default data-number-of-columns=three data-space-between-items=normal data-category=tin-tuc data-orderby=title data-order=ASC data-image-size=wilmer_mikado_image_square data-title-tag=h4 data-excerpt-length=0 data-post-info-section=yes data-post-info-image=yes data-post-info-author=yes data-post-info-date=yes data-post-info-category=yes data-post-info-comments=no data-post-info-like=no data-post-info-share=no data-pagination-type=no-pagination data-max-num-pages=1 data-next-page=2>\n\t<div class=\"mkdf-bl-wrapper mkdf-outer-space\">\n\t\t<ul class=\"mkdf-blog-list\">\n\t\t\t<li class=\"mkdf-bl-item mkdf-item-space\">\n\t<div class=\"mkdf-bli-inner\">\n\t\t\n\t<div class=\"mkdf-post-image\">\n\t\t\t\t\t<a itemprop=\"url\" href=\"https:\/\/dkcorp.vn\/en\/16th-anniversary-of-dk-joint-stock-company-05\/12\/2002-to-05\/12\/2018\/\" title=\"16th Anniversary of D.K Joint Stock Company \u2013 05\/12\/2002 to 05\/12\/2018\">\n\t\t\t\t\t<img fetchpriority=\"high\" decoding=\"async\" width=\"650\" height=\"650\" src=\"https:\/\/dkcorp.vn\/wp-content\/uploads\/2025\/10\/KN16N2-650x650.jpg\" class=\"attachment-wilmer_mikado_image_square size-wilmer_mikado_image_square wp-post-image\" alt=\"\" srcset=\"https:\/\/dkcorp.vn\/wp-content\/uploads\/2025\/10\/KN16N2-650x650.jpg 650w, https:\/\/dkcorp.vn\/wp-content\/uploads\/2025\/10\/KN16N2-300x300.jpg 300w, https:\/\/dkcorp.vn\/wp-content\/uploads\/2025\/10\/KN16N2-100x100.jpg 100w, https:\/\/dkcorp.vn\/wp-content\/uploads\/2025\/10\/KN16N2-150x150.jpg 150w\" sizes=\"(max-width: 650px) 100vw, 650px\" \/>\t\t\t\t\t<\/a>\n\t\t\t\t\t<\/div>\n        <div class=\"mkdf-bli-content\">\n                            <div class=\"mkdf-bli-info\">\n\t                <div itemprop=\"dateCreated\" class=\"mkdf-post-info-date entry-date published updated\">\n    <meta itemprop=\"interactionCount\" content=\"UserComments: 0\"\/>\n            <a itemprop=\"url\" href=\"https:\/\/dkcorp.vn\/en\/2025\/10\/\">\n    \n        October 8, 2025        <\/a>\n<\/div><div class=\"mkdf-post-info-category\">\n    <a href=\"https:\/\/dkcorp.vn\/en\/news\/company-news\/\" rel=\"category tag\">Company News<\/a><\/div><div class=\"mkdf-post-info-author\">\n    <span class=\"mkdf-post-info-author-text\">\n        By    <\/span>\n    <a itemprop=\"author\" class=\"mkdf-post-info-author-link\" href=\"https:\/\/dkcorp.vn\/en\/author\/admin\/\">\n        admin    <\/a>\n<\/div>                <\/div>\n            \t\n\t        \n<h4 itemprop=\"name\" class=\"entry-title mkdf-post-title\" >\n            <a itemprop=\"url\" href=\"https:\/\/dkcorp.vn\/en\/16th-anniversary-of-dk-joint-stock-company-05\/12\/2002-to-05\/12\/2018\/\" title=\"16th Anniversary of D.K Joint Stock Company \u2013 05\/12\/2002 to 05\/12\/2018\">\n            16th Anniversary of D.K Joint Stock Company \u2013 05\/12\/2002 to 05\/12\/2018            <\/a>\n    <\/h4>\t\n\t        <div class=\"mkdf-bli-excerpt\">\n\t\t        \t\t        \t<div class=\"mkdf-post-read-more-button\">\n\t\t<a itemprop=\"url\" href=\"https:\/\/dkcorp.vn\/en\/16th-anniversary-of-dk-joint-stock-company-05\/12\/2002-to-05\/12\/2018\/\" target=\"_self\"  class=\"mkdf-btn mkdf-btn-medium mkdf-btn-simple mkdf-blog-list-button\"  >    <span class=\"mkdf-btn-text\">Read More<\/span>    <\/a>\t<\/div>\n\t        <\/div>\n        <\/div>\n\t<\/div>\n<\/li><li class=\"mkdf-bl-item mkdf-item-space\">\n\t<div class=\"mkdf-bli-inner\">\n\t\t\n\t<div class=\"mkdf-post-image\">\n\t\t\t\t\t<a itemprop=\"url\" href=\"https:\/\/dkcorp.vn\/en\/17th-anniversary-of-dk-joint-stock-company-05\/12\/2002-to-05\/12\/2019\/\" title=\"17th Anniversary of D.K Joint Stock Company \u2013 05\/12\/2002 to 05\/12\/2019\">\n\t\t\t\t\t<img decoding=\"async\" width=\"650\" height=\"650\" src=\"https:\/\/dkcorp.vn\/wp-content\/uploads\/2025\/10\/KN17N1-650x650.jpg\" class=\"attachment-wilmer_mikado_image_square size-wilmer_mikado_image_square wp-post-image\" alt=\"\" srcset=\"https:\/\/dkcorp.vn\/wp-content\/uploads\/2025\/10\/KN17N1-650x650.jpg 650w, https:\/\/dkcorp.vn\/wp-content\/uploads\/2025\/10\/KN17N1-300x300.jpg 300w, https:\/\/dkcorp.vn\/wp-content\/uploads\/2025\/10\/KN17N1-100x100.jpg 100w, https:\/\/dkcorp.vn\/wp-content\/uploads\/2025\/10\/KN17N1-150x150.jpg 150w\" sizes=\"(max-width: 650px) 100vw, 650px\" \/>\t\t\t\t\t<\/a>\n\t\t\t\t\t<\/div>\n        <div class=\"mkdf-bli-content\">\n                            <div class=\"mkdf-bli-info\">\n\t                <div itemprop=\"dateCreated\" class=\"mkdf-post-info-date entry-date published updated\">\n    <meta itemprop=\"interactionCount\" content=\"UserComments: 0\"\/>\n            <a itemprop=\"url\" href=\"https:\/\/dkcorp.vn\/en\/2025\/10\/\">\n    \n        October 8, 2025        <\/a>\n<\/div><div class=\"mkdf-post-info-category\">\n    <a href=\"https:\/\/dkcorp.vn\/en\/news\/company-news\/\" rel=\"category tag\">Company News<\/a><\/div><div class=\"mkdf-post-info-author\">\n    <span class=\"mkdf-post-info-author-text\">\n        By    <\/span>\n    <a itemprop=\"author\" class=\"mkdf-post-info-author-link\" href=\"https:\/\/dkcorp.vn\/en\/author\/admin\/\">\n        admin    <\/a>\n<\/div>                <\/div>\n            \t\n\t        \n<h4 itemprop=\"name\" class=\"entry-title mkdf-post-title\" >\n            <a itemprop=\"url\" href=\"https:\/\/dkcorp.vn\/en\/17th-anniversary-of-dk-joint-stock-company-05\/12\/2002-to-05\/12\/2019\/\" title=\"17th Anniversary of D.K Joint Stock Company \u2013 05\/12\/2002 to 05\/12\/2019\">\n            17th Anniversary of D.K Joint Stock Company \u2013 05\/12\/2002 to 05\/12\/2019            <\/a>\n    <\/h4>\t\n\t        <div class=\"mkdf-bli-excerpt\">\n\t\t        \t\t        \t<div class=\"mkdf-post-read-more-button\">\n\t\t<a itemprop=\"url\" href=\"https:\/\/dkcorp.vn\/en\/17th-anniversary-of-dk-joint-stock-company-05\/12\/2002-to-05\/12\/2019\/\" target=\"_self\"  class=\"mkdf-btn mkdf-btn-medium mkdf-btn-simple mkdf-blog-list-button\"  >    <span class=\"mkdf-btn-text\">Read More<\/span>    <\/a>\t<\/div>\n\t        <\/div>\n        <\/div>\n\t<\/div>\n<\/li><li class=\"mkdf-bl-item mkdf-item-space\">\n\t<div class=\"mkdf-bli-inner\">\n\t\t\n\t<div class=\"mkdf-post-image\">\n\t\t\t\t\t<a itemprop=\"url\" href=\"https:\/\/dkcorp.vn\/en\/20th-anniversary-of-the-company\/\" title=\"20th Anniversary of the Company\">\n\t\t\t\t\t<img decoding=\"async\" width=\"650\" height=\"650\" src=\"https:\/\/dkcorp.vn\/wp-content\/uploads\/2025\/10\/KN17N1-650x650.jpg\" class=\"attachment-wilmer_mikado_image_square size-wilmer_mikado_image_square wp-post-image\" alt=\"\" srcset=\"https:\/\/dkcorp.vn\/wp-content\/uploads\/2025\/10\/KN17N1-650x650.jpg 650w, https:\/\/dkcorp.vn\/wp-content\/uploads\/2025\/10\/KN17N1-300x300.jpg 300w, https:\/\/dkcorp.vn\/wp-content\/uploads\/2025\/10\/KN17N1-100x100.jpg 100w, https:\/\/dkcorp.vn\/wp-content\/uploads\/2025\/10\/KN17N1-150x150.jpg 150w\" sizes=\"(max-width: 650px) 100vw, 650px\" \/>\t\t\t\t\t<\/a>\n\t\t\t\t\t<\/div>\n        <div class=\"mkdf-bli-content\">\n                            <div class=\"mkdf-bli-info\">\n\t                <div itemprop=\"dateCreated\" class=\"mkdf-post-info-date entry-date published updated\">\n    <meta itemprop=\"interactionCount\" content=\"UserComments: 0\"\/>\n            <a itemprop=\"url\" href=\"https:\/\/dkcorp.vn\/en\/2025\/10\/\">\n    \n        October 30, 2025        <\/a>\n<\/div><div class=\"mkdf-post-info-category\">\n    <a href=\"https:\/\/dkcorp.vn\/en\/news\/company-news\/\" rel=\"category tag\">Company News<\/a><\/div><div class=\"mkdf-post-info-author\">\n    <span class=\"mkdf-post-info-author-text\">\n        By    <\/span>\n    <a itemprop=\"author\" class=\"mkdf-post-info-author-link\" href=\"https:\/\/dkcorp.vn\/en\/author\/admin\/\">\n        admin    <\/a>\n<\/div>                <\/div>\n            \t\n\t        \n<h4 itemprop=\"name\" class=\"entry-title mkdf-post-title\" >\n            <a itemprop=\"url\" href=\"https:\/\/dkcorp.vn\/en\/20th-anniversary-of-the-company\/\" title=\"20th Anniversary of the Company\">\n            20th Anniversary of the Company            <\/a>\n    <\/h4>\t\n\t        <div class=\"mkdf-bli-excerpt\">\n\t\t        \t\t        \t<div class=\"mkdf-post-read-more-button\">\n\t\t<a itemprop=\"url\" href=\"https:\/\/dkcorp.vn\/en\/20th-anniversary-of-the-company\/\" target=\"_self\"  class=\"mkdf-btn mkdf-btn-medium mkdf-btn-simple mkdf-blog-list-button\"  >    <span class=\"mkdf-btn-text\">Read More<\/span>    <\/a>\t<\/div>\n\t        <\/div>\n        <\/div>\n\t<\/div>\n<\/li><li class=\"mkdf-bl-item mkdf-item-space\">\n\t<div class=\"mkdf-bli-inner\">\n\t\t\n\t<div class=\"mkdf-post-image\">\n\t\t\t\t\t<a itemprop=\"url\" href=\"https:\/\/dkcorp.vn\/en\/celebrating-the-18th-anniversary-of-dk-company-05\/12\/2002-to-05\/12\/2020\/\" title=\"Celebrating the 18th Anniversary of D.K Company \u2013 05\/12\/2002 to 05\/12\/2020\">\n\t\t\t\t\t<img decoding=\"async\" width=\"400\" height=\"533\" src=\"https:\/\/dkcorp.vn\/wp-content\/uploads\/2025\/10\/29766e2a37e979b18d18c428ff9c5aba_S.jpg\" class=\"attachment-wilmer_mikado_image_square size-wilmer_mikado_image_square wp-post-image\" alt=\"\" srcset=\"https:\/\/dkcorp.vn\/wp-content\/uploads\/2025\/10\/29766e2a37e979b18d18c428ff9c5aba_S.jpg 400w, https:\/\/dkcorp.vn\/wp-content\/uploads\/2025\/10\/29766e2a37e979b18d18c428ff9c5aba_S-225x300.jpg 225w\" sizes=\"(max-width: 400px) 100vw, 400px\" \/>\t\t\t\t\t<\/a>\n\t\t\t\t\t<\/div>\n        <div class=\"mkdf-bli-content\">\n                            <div class=\"mkdf-bli-info\">\n\t                <div itemprop=\"dateCreated\" class=\"mkdf-post-info-date entry-date published updated\">\n    <meta itemprop=\"interactionCount\" content=\"UserComments: 0\"\/>\n            <a itemprop=\"url\" href=\"https:\/\/dkcorp.vn\/en\/2025\/10\/\">\n    \n        October 8, 2025        <\/a>\n<\/div><div class=\"mkdf-post-info-category\">\n    <a href=\"https:\/\/dkcorp.vn\/en\/news\/company-news\/\" rel=\"category tag\">Company News<\/a><\/div><div class=\"mkdf-post-info-author\">\n    <span class=\"mkdf-post-info-author-text\">\n        By    <\/span>\n    <a itemprop=\"author\" class=\"mkdf-post-info-author-link\" href=\"https:\/\/dkcorp.vn\/en\/author\/admin\/\">\n        admin    <\/a>\n<\/div>                <\/div>\n            \t\n\t        \n<h4 itemprop=\"name\" class=\"entry-title mkdf-post-title\" >\n            <a itemprop=\"url\" href=\"https:\/\/dkcorp.vn\/en\/celebrating-the-18th-anniversary-of-dk-company-05\/12\/2002-to-05\/12\/2020\/\" title=\"Celebrating the 18th Anniversary of D.K Company \u2013 05\/12\/2002 to 05\/12\/2020\">\n            Celebrating the 18th Anniversary of D.K Company \u2013 05\/12\/2002 to 05\/12\/2020            <\/a>\n    <\/h4>\t\n\t        <div class=\"mkdf-bli-excerpt\">\n\t\t        \t\t        \t<div class=\"mkdf-post-read-more-button\">\n\t\t<a itemprop=\"url\" href=\"https:\/\/dkcorp.vn\/en\/celebrating-the-18th-anniversary-of-dk-company-05\/12\/2002-to-05\/12\/2020\/\" target=\"_self\"  class=\"mkdf-btn mkdf-btn-medium mkdf-btn-simple mkdf-blog-list-button\"  >    <span class=\"mkdf-btn-text\">Read More<\/span>    <\/a>\t<\/div>\n\t        <\/div>\n        <\/div>\n\t<\/div>\n<\/li><li class=\"mkdf-bl-item mkdf-item-space\">\n\t<div class=\"mkdf-bli-inner\">\n\t\t\n\t<div class=\"mkdf-post-image\">\n\t\t\t\t\t<a itemprop=\"url\" href=\"https:\/\/dkcorp.vn\/en\/groundbreaking-ceremony-of-binh-phuoc-ford-project\/\" title=\"Groundbreaking Ceremony of Binh Phuoc Ford Project\">\n\t\t\t\t\t<img loading=\"lazy\" decoding=\"async\" width=\"650\" height=\"650\" src=\"https:\/\/dkcorp.vn\/wp-content\/uploads\/2025\/10\/BPFO1-650x650.jpg\" class=\"attachment-wilmer_mikado_image_square size-wilmer_mikado_image_square wp-post-image\" alt=\"\" srcset=\"https:\/\/dkcorp.vn\/wp-content\/uploads\/2025\/10\/BPFO1-650x650.jpg 650w, https:\/\/dkcorp.vn\/wp-content\/uploads\/2025\/10\/BPFO1-300x300.jpg 300w, https:\/\/dkcorp.vn\/wp-content\/uploads\/2025\/10\/BPFO1-100x100.jpg 100w, https:\/\/dkcorp.vn\/wp-content\/uploads\/2025\/10\/BPFO1-150x150.jpg 150w\" sizes=\"(max-width: 650px) 100vw, 650px\" \/>\t\t\t\t\t<\/a>\n\t\t\t\t\t<\/div>\n        <div class=\"mkdf-bli-content\">\n                            <div class=\"mkdf-bli-info\">\n\t                <div itemprop=\"dateCreated\" class=\"mkdf-post-info-date entry-date published updated\">\n    <meta itemprop=\"interactionCount\" content=\"UserComments: 0\"\/>\n            <a itemprop=\"url\" href=\"https:\/\/dkcorp.vn\/en\/2025\/10\/\">\n    \n        October 8, 2025        <\/a>\n<\/div><div class=\"mkdf-post-info-category\">\n    <a href=\"https:\/\/dkcorp.vn\/en\/news\/industry-news\/\" rel=\"category tag\">Industry News<\/a><\/div><div class=\"mkdf-post-info-author\">\n    <span class=\"mkdf-post-info-author-text\">\n        By    <\/span>\n    <a itemprop=\"author\" class=\"mkdf-post-info-author-link\" href=\"https:\/\/dkcorp.vn\/en\/author\/admin\/\">\n        admin    <\/a>\n<\/div>                <\/div>\n            \t\n\t        \n<h4 itemprop=\"name\" class=\"entry-title mkdf-post-title\" >\n            <a itemprop=\"url\" href=\"https:\/\/dkcorp.vn\/en\/groundbreaking-ceremony-of-binh-phuoc-ford-project\/\" title=\"Groundbreaking Ceremony of Binh Phuoc Ford Project\">\n            Groundbreaking Ceremony of Binh Phuoc Ford Project            <\/a>\n    <\/h4>\t\n\t        <div class=\"mkdf-bli-excerpt\">\n\t\t        \t\t        \t<div class=\"mkdf-post-read-more-button\">\n\t\t<a itemprop=\"url\" href=\"https:\/\/dkcorp.vn\/en\/groundbreaking-ceremony-of-binh-phuoc-ford-project\/\" target=\"_self\"  class=\"mkdf-btn mkdf-btn-medium mkdf-btn-simple mkdf-blog-list-button\"  >    <span class=\"mkdf-btn-text\">Read More<\/span>    <\/a>\t<\/div>\n\t        <\/div>\n        <\/div>\n\t<\/div>\n<\/li><li class=\"mkdf-bl-item mkdf-item-space\">\n\t<div class=\"mkdf-bli-inner\">\n\t\t\n\t<div class=\"mkdf-post-image\">\n\t\t\t\t\t<a itemprop=\"url\" href=\"https:\/\/dkcorp.vn\/en\/project-safety-recognition-ceremony-long-son-refinery\/\" title=\"Project Safety Recognition Ceremony \u2013 Long Son Refinery\">\n\t\t\t\t\t<img loading=\"lazy\" decoding=\"async\" width=\"650\" height=\"650\" src=\"https:\/\/dkcorp.vn\/wp-content\/uploads\/2025\/10\/Dic1-650x650.jpg\" class=\"attachment-wilmer_mikado_image_square size-wilmer_mikado_image_square wp-post-image\" alt=\"\" srcset=\"https:\/\/dkcorp.vn\/wp-content\/uploads\/2025\/10\/Dic1-650x650.jpg 650w, https:\/\/dkcorp.vn\/wp-content\/uploads\/2025\/10\/Dic1-300x300.jpg 300w, https:\/\/dkcorp.vn\/wp-content\/uploads\/2025\/10\/Dic1-100x100.jpg 100w, https:\/\/dkcorp.vn\/wp-content\/uploads\/2025\/10\/Dic1-150x150.jpg 150w\" sizes=\"(max-width: 650px) 100vw, 650px\" \/>\t\t\t\t\t<\/a>\n\t\t\t\t\t<\/div>\n        <div class=\"mkdf-bli-content\">\n                            <div class=\"mkdf-bli-info\">\n\t                <div itemprop=\"dateCreated\" class=\"mkdf-post-info-date entry-date published updated\">\n    <meta itemprop=\"interactionCount\" content=\"UserComments: 0\"\/>\n            <a itemprop=\"url\" href=\"https:\/\/dkcorp.vn\/en\/2025\/10\/\">\n    \n        October 8, 2025        <\/a>\n<\/div><div class=\"mkdf-post-info-category\">\n    <a href=\"https:\/\/dkcorp.vn\/en\/news\/industry-news\/\" rel=\"category tag\">Industry News<\/a><\/div><div class=\"mkdf-post-info-author\">\n    <span class=\"mkdf-post-info-author-text\">\n        By    <\/span>\n    <a itemprop=\"author\" class=\"mkdf-post-info-author-link\" href=\"https:\/\/dkcorp.vn\/en\/author\/admin\/\">\n        admin    <\/a>\n<\/div>                <\/div>\n            \t\n\t        \n<h4 itemprop=\"name\" class=\"entry-title mkdf-post-title\" >\n            <a itemprop=\"url\" href=\"https:\/\/dkcorp.vn\/en\/project-safety-recognition-ceremony-long-son-refinery\/\" title=\"Project Safety Recognition Ceremony \u2013 Long Son Refinery\">\n            Project Safety Recognition Ceremony \u2013 Long Son Refinery            <\/a>\n    <\/h4>\t\n\t        <div class=\"mkdf-bli-excerpt\">\n\t\t        \t\t        \t<div class=\"mkdf-post-read-more-button\">\n\t\t<a itemprop=\"url\" href=\"https:\/\/dkcorp.vn\/en\/project-safety-recognition-ceremony-long-son-refinery\/\" target=\"_self\"  class=\"mkdf-btn mkdf-btn-medium mkdf-btn-simple mkdf-blog-list-button\"  >    <span class=\"mkdf-btn-text\">Read More<\/span>    <\/a>\t<\/div>\n\t        <\/div>\n        <\/div>\n\t<\/div>\n<\/li><li class=\"mkdf-bl-item mkdf-item-space\">\n\t<div class=\"mkdf-bli-inner\">\n\t\t\n\t<div class=\"mkdf-post-image\">\n\t\t\t\t\t<a itemprop=\"url\" href=\"https:\/\/dkcorp.vn\/en\/roject-safety-recognition-ceremony-long-son-refinery\/\" title=\"roject Safety Recognition Ceremony \u2013 Long Son Refinery\">\n\t\t\t\t\t<img loading=\"lazy\" decoding=\"async\" width=\"650\" height=\"650\" src=\"https:\/\/dkcorp.vn\/wp-content\/uploads\/2025\/10\/Dic1-650x650.jpg\" class=\"attachment-wilmer_mikado_image_square size-wilmer_mikado_image_square wp-post-image\" alt=\"\" srcset=\"https:\/\/dkcorp.vn\/wp-content\/uploads\/2025\/10\/Dic1-650x650.jpg 650w, https:\/\/dkcorp.vn\/wp-content\/uploads\/2025\/10\/Dic1-300x300.jpg 300w, https:\/\/dkcorp.vn\/wp-content\/uploads\/2025\/10\/Dic1-100x100.jpg 100w, https:\/\/dkcorp.vn\/wp-content\/uploads\/2025\/10\/Dic1-150x150.jpg 150w\" sizes=\"(max-width: 650px) 100vw, 650px\" \/>\t\t\t\t\t<\/a>\n\t\t\t\t\t<\/div>\n        <div class=\"mkdf-bli-content\">\n                            <div class=\"mkdf-bli-info\">\n\t                <div itemprop=\"dateCreated\" class=\"mkdf-post-info-date entry-date published updated\">\n    <meta itemprop=\"interactionCount\" content=\"UserComments: 0\"\/>\n            <a itemprop=\"url\" href=\"https:\/\/dkcorp.vn\/en\/2025\/11\/\">\n    \n        November 13, 2025        <\/a>\n<\/div><div class=\"mkdf-post-info-category\">\n    <a href=\"https:\/\/dkcorp.vn\/en\/news\/industry-news\/\" rel=\"category tag\">Industry News<\/a><\/div><div class=\"mkdf-post-info-author\">\n    <span class=\"mkdf-post-info-author-text\">\n        By    <\/span>\n    <a itemprop=\"author\" class=\"mkdf-post-info-author-link\" href=\"https:\/\/dkcorp.vn\/en\/author\/admindk\/\">\n        DK admin    <\/a>\n<\/div>                <\/div>\n            \t\n\t        \n<h4 itemprop=\"name\" class=\"entry-title mkdf-post-title\" >\n            <a itemprop=\"url\" href=\"https:\/\/dkcorp.vn\/en\/roject-safety-recognition-ceremony-long-son-refinery\/\" title=\"roject Safety Recognition Ceremony \u2013 Long Son Refinery\">\n            roject Safety Recognition Ceremony \u2013 Long Son Refinery            <\/a>\n    <\/h4>\t\n\t        <div class=\"mkdf-bli-excerpt\">\n\t\t        \t\t        \t<div class=\"mkdf-post-read-more-button\">\n\t\t<a itemprop=\"url\" href=\"https:\/\/dkcorp.vn\/en\/roject-safety-recognition-ceremony-long-son-refinery\/\" target=\"_self\"  class=\"mkdf-btn mkdf-btn-medium mkdf-btn-simple mkdf-blog-list-button\"  >    <span class=\"mkdf-btn-text\">Read More<\/span>    <\/a>\t<\/div>\n\t        <\/div>\n        <\/div>\n\t<\/div>\n<\/li><li class=\"mkdf-bl-item mkdf-item-space\">\n\t<div class=\"mkdf-bli-inner\">\n\t\t\n\t<div class=\"mkdf-post-image\">\n\t\t\t\t\t<a itemprop=\"url\" href=\"https:\/\/dkcorp.vn\/en\/steel-structure-workshop-dk-construction-trading-investment-joint-stock-company\/\" title=\"Steel Structure Workshop \u2013 D.K Construction \u2013 Trading \u2013 Investment Joint Stock Company\">\n\t\t\t\t\t<img loading=\"lazy\" decoding=\"async\" width=\"650\" height=\"615\" src=\"https:\/\/dkcorp.vn\/wp-content\/uploads\/2025\/10\/Cokhi-D.K1-650x615.jpg\" class=\"attachment-wilmer_mikado_image_square size-wilmer_mikado_image_square wp-post-image\" alt=\"\" \/>\t\t\t\t\t<\/a>\n\t\t\t\t\t<\/div>\n        <div class=\"mkdf-bli-content\">\n                            <div class=\"mkdf-bli-info\">\n\t                <div itemprop=\"dateCreated\" class=\"mkdf-post-info-date entry-date published updated\">\n    <meta itemprop=\"interactionCount\" content=\"UserComments: 0\"\/>\n            <a itemprop=\"url\" href=\"https:\/\/dkcorp.vn\/en\/2025\/10\/\">\n    \n        October 8, 2025        <\/a>\n<\/div><div class=\"mkdf-post-info-category\">\n    <a href=\"https:\/\/dkcorp.vn\/en\/news\/industry-news\/\" rel=\"category tag\">Industry News<\/a><\/div><div class=\"mkdf-post-info-author\">\n    <span class=\"mkdf-post-info-author-text\">\n        By    <\/span>\n    <a itemprop=\"author\" class=\"mkdf-post-info-author-link\" href=\"https:\/\/dkcorp.vn\/en\/author\/admin\/\">\n        admin    <\/a>\n<\/div>                <\/div>\n            \t\n\t        \n<h4 itemprop=\"name\" class=\"entry-title mkdf-post-title\" >\n            <a itemprop=\"url\" href=\"https:\/\/dkcorp.vn\/en\/steel-structure-workshop-dk-construction-trading-investment-joint-stock-company\/\" title=\"Steel Structure Workshop \u2013 D.K Construction \u2013 Trading \u2013 Investment Joint Stock Company\">\n            Steel Structure Workshop \u2013 D.K Construction \u2013 Trading \u2013 Investment Joint Stock Company            <\/a>\n    <\/h4>\t\n\t        <div class=\"mkdf-bli-excerpt\">\n\t\t        \t\t        \t<div class=\"mkdf-post-read-more-button\">\n\t\t<a itemprop=\"url\" href=\"https:\/\/dkcorp.vn\/en\/steel-structure-workshop-dk-construction-trading-investment-joint-stock-company\/\" target=\"_self\"  class=\"mkdf-btn mkdf-btn-medium mkdf-btn-simple mkdf-blog-list-button\"  >    <span class=\"mkdf-btn-text\">Read More<\/span>    <\/a>\t<\/div>\n\t        <\/div>\n        <\/div>\n\t<\/div>\n<\/li>\t\t<\/ul>\n\t<\/div>\n\t<\/div>\t\t\t\t<\/div>\n\t\t\t\t<\/div>\n\t\t\t\t<\/div>\n\t\t\t\t<\/div>\n\t\t","protected":false},"excerpt":{"rendered":"<p>Th\u00e1ng 10 8, 2025 Tin c\u00f4ng ty B\u1edfi admin K\u1ef7 ni\u1ec7m 16 n\u0103m th\u00e0nh l\u1eadp C\u00f4ng ty C\u1ed5 ph\u1ea7n D.K &#8211; 05\/12\/2002 &#8211; 05\/12\/2018 \u0110\u1ecdc th\u00eam Th\u00e1ng 10 8, 2025 Tin c\u00f4ng ty B\u1edfi admin K\u1ef7 ni\u1ec7m 17 n\u0103m th\u00e0nh [&hellip;]<\/p>\n","protected":false},"author":1,"featured_media":0,"parent":0,"menu_order":0,"comment_status":"closed","ping_status":"closed","template":"","meta":{"_acf_changed":false,"footnotes":""},"class_list":["post-10173","page","type-page","status-publish","hentry"],"acf":[],"_links":{"self":[{"href":"https:\/\/dkcorp.vn\/en\/wp-json\/wp\/v2\/pages\/10173","targetHints":{"allow":["GET"]}}],"collection":[{"href":"https:\/\/dkcorp.vn\/en\/wp-json\/wp\/v2\/pages"}],"about":[{"href":"https:\/\/dkcorp.vn\/en\/wp-json\/wp\/v2\/types\/page"}],"author":[{"embeddable":true,"href":"https:\/\/dkcorp.vn\/en\/wp-json\/wp\/v2\/users\/1"}],"replies":[{"embeddable":true,"href":"https:\/\/dkcorp.vn\/en\/wp-json\/wp\/v2\/comments?post=10173"}],"version-history":[{"count":1,"href":"https:\/\/dkcorp.vn\/en\/wp-json\/wp\/v2\/pages\/10173\/revisions"}],"predecessor-version":[{"id":10177,"href":"https:\/\/dkcorp.vn\/en\/wp-json\/wp\/v2\/pages\/10173\/revisions\/10177"}],"wp:attachment":[{"href":"https:\/\/dkcorp.vn\/en\/wp-json\/wp\/v2\/media?parent=10173"}],"curies":[{"name":"wp","href":"https:\/\/api.w.org\/{rel}","templated":true}]}}